{"id":3946,"date":"2021-03-01T08:48:33","date_gmt":"2021-03-01T07:48:33","guid":{"rendered":"https:\/\/actory.dk\/?page_id=3946"},"modified":"2021-03-01T08:49:34","modified_gmt":"2021-03-01T07:49:34","slug":"koebenhavns-universitet","status":"publish","type":"page","link":"https:\/\/actory.dk\/en\/koebenhavns-universitet\/","title":{"rendered":"K\u00f8benhavns Universitet"},"content":{"rendered":"<div class=\"fusion-fullwidth fullwidth-box fusion-builder-row-1 fusion-flex-container nonhundred-percent-fullwidth non-hundred-percent-height-scrolling\" style=\"--awb-border-radius-top-left:0px;--awb-border-radius-top-right:0px;--awb-border-radius-bottom-right:0px;--awb-border-radius-bottom-left:0px;--awb-flex-wrap:wrap;\" ><div class=\"fusion-builder-row fusion-row fusion-flex-align-items-flex-start fusion-flex-content-wrap\" style=\"max-width:1248px;margin-left: calc(-4% \/ 2 );margin-right: calc(-4% \/ 2 );\"><div class=\"fusion-layout-column fusion_builder_column fusion-builder-column-0 fusion_builder_column_1_1 1_1 fusion-flex-column\" style=\"--awb-bg-size:cover;--awb-width-large:100%;--awb-margin-top-large:0px;--awb-spacing-right-large:1.92%;--awb-margin-bottom-large:0px;--awb-spacing-left-large:1.92%;--awb-width-medium:100%;--awb-spacing-right-medium:1.92%;--awb-spacing-left-medium:1.92%;--awb-width-small:100%;--awb-spacing-right-small:1.92%;--awb-spacing-left-small:1.92%;\"><div class=\"fusion-column-wrapper fusion-flex-justify-content-flex-start fusion-content-layout-column\"><div class=\"fusion-text fusion-text-1\"><p>Actory er et samarbejde mellem K\u00f8benhavns Universitet og Studenterhuset.<\/p>\n<p>Med st\u00f8tte fra K\u00f8benhavns Universitet har Studenterhuset i starten af 2021 etableret et studenterstartet og -drevet rum, som underst\u00f8tter studerende i at udvikle og gennemf\u00f8re konkrete b\u00e6redygtighedsl\u00f8sninger.<\/p>\n<p>Actory underst\u00f8tter K\u00f8benhavns Universitets beslutning om at finde tv\u00e6rfaglige samfundsl\u00f8sninger, ambitionen om at involvere de studerende heri, og den generelle <a href=\"https:\/\/om.ku.dk\/profil\/baeredygtighed\/\" target=\"_blank\" rel=\"noopener noreferrer\">m\u00e5ls\u00e6tning om at v\u00e6re et b\u00e6redygtigt universitet. <\/a><\/p>\n<p>Via Actory inviteres b\u00e5de studerende fra K\u00f8benhavns Universitet og andre universitetsstuderende til p\u00e5 tv\u00e6rfaglig basis at medskabe, igangs\u00e6tte og gennemf\u00f8re b\u00e6redygtighedsaktiviteter; b\u00e5de internt p\u00e5 KU, men is\u00e6r i forhold til det omgivende samfund.<\/p>\n<\/div><\/div><\/div><\/div><\/div>\n","protected":false},"excerpt":{"rendered":"","protected":false},"author":5,"featured_media":0,"parent":0,"menu_order":0,"comment_status":"closed","ping_status":"closed","template":"","meta":{"_monsterinsights_skip_tracking":false,"_monsterinsights_sitenote_active":false,"_monsterinsights_sitenote_note":"","_monsterinsights_sitenote_category":0,"footnotes":""},"class_list":["post-3946","page","type-page","status-publish","hentry"],"yoast_head":"<!-- This site is optimized with the Yoast SEO plugin v27.3 - https:\/\/yoast.com\/product\/yoast-seo-wordpress\/ -->\n<title>K\u00f8benhavns Universitet - Actory<\/title>\n<meta name=\"robots\" content=\"index, follow, max-snippet:-1, max-image-preview:large, max-video-preview:-1\" \/>\n<link rel=\"canonical\" href=\"https:\/\/actory.dk\/en\/koebenhavns-universitet\/\" \/>\n<meta property=\"og:locale\" content=\"en_US\" \/>\n<meta property=\"og:type\" content=\"article\" \/>\n<meta property=\"og:title\" content=\"K\u00f8benhavns Universitet - Actory\" \/>\n<meta property=\"og:url\" content=\"https:\/\/actory.dk\/en\/koebenhavns-universitet\/\" \/>\n<meta property=\"og:site_name\" content=\"Actory\" \/>\n<meta property=\"article:modified_time\" content=\"2021-03-01T07:49:34+00:00\" \/>\n<meta name=\"twitter:card\" content=\"summary_large_image\" \/>\n<meta name=\"twitter:label1\" content=\"Est. reading time\" \/>\n\t<meta name=\"twitter:data1\" content=\"1 minute\" \/>\n<script type=\"application\/ld+json\" class=\"yoast-schema-graph\">{\"@context\":\"https:\\\/\\\/schema.org\",\"@graph\":[{\"@type\":\"WebPage\",\"@id\":\"https:\\\/\\\/actory.dk\\\/en\\\/koebenhavns-universitet\\\/\",\"url\":\"https:\\\/\\\/actory.dk\\\/en\\\/koebenhavns-universitet\\\/\",\"name\":\"K\u00f8benhavns Universitet - Actory\",\"isPartOf\":{\"@id\":\"https:\\\/\\\/actory.dk\\\/en\\\/#website\"},\"datePublished\":\"2021-03-01T07:48:33+00:00\",\"dateModified\":\"2021-03-01T07:49:34+00:00\",\"breadcrumb\":{\"@id\":\"https:\\\/\\\/actory.dk\\\/en\\\/koebenhavns-universitet\\\/#breadcrumb\"},\"inLanguage\":\"en-US\",\"potentialAction\":[{\"@type\":\"ReadAction\",\"target\":[\"https:\\\/\\\/actory.dk\\\/en\\\/koebenhavns-universitet\\\/\"]}]},{\"@type\":\"BreadcrumbList\",\"@id\":\"https:\\\/\\\/actory.dk\\\/en\\\/koebenhavns-universitet\\\/#breadcrumb\",\"itemListElement\":[{\"@type\":\"ListItem\",\"position\":1,\"name\":\"Hjem\",\"item\":\"https:\\\/\\\/actory.dk\\\/en\\\/\"},{\"@type\":\"ListItem\",\"position\":2,\"name\":\"K\u00f8benhavns Universitet\"}]},{\"@type\":\"WebSite\",\"@id\":\"https:\\\/\\\/actory.dk\\\/en\\\/#website\",\"url\":\"https:\\\/\\\/actory.dk\\\/en\\\/\",\"name\":\"Actory\",\"description\":\"Sustainability challenge\",\"potentialAction\":[{\"@type\":\"SearchAction\",\"target\":{\"@type\":\"EntryPoint\",\"urlTemplate\":\"https:\\\/\\\/actory.dk\\\/en\\\/?s={search_term_string}\"},\"query-input\":{\"@type\":\"PropertyValueSpecification\",\"valueRequired\":true,\"valueName\":\"search_term_string\"}}],\"inLanguage\":\"en-US\"}]}<\/script>\n<!-- \/ Yoast SEO plugin. -->","yoast_head_json":{"title":"K\u00f8benhavns Universitet - Actory","robots":{"index":"index","follow":"follow","max-snippet":"max-snippet:-1","max-image-preview":"max-image-preview:large","max-video-preview":"max-video-preview:-1"},"canonical":"https:\/\/actory.dk\/en\/koebenhavns-universitet\/","og_locale":"en_US","og_type":"article","og_title":"K\u00f8benhavns Universitet - Actory","og_url":"https:\/\/actory.dk\/en\/koebenhavns-universitet\/","og_site_name":"Actory","article_modified_time":"2021-03-01T07:49:34+00:00","twitter_card":"summary_large_image","twitter_misc":{"Est. reading time":"1 minute"},"schema":{"@context":"https:\/\/schema.org","@graph":[{"@type":"WebPage","@id":"https:\/\/actory.dk\/en\/koebenhavns-universitet\/","url":"https:\/\/actory.dk\/en\/koebenhavns-universitet\/","name":"K\u00f8benhavns Universitet - Actory","isPartOf":{"@id":"https:\/\/actory.dk\/en\/#website"},"datePublished":"2021-03-01T07:48:33+00:00","dateModified":"2021-03-01T07:49:34+00:00","breadcrumb":{"@id":"https:\/\/actory.dk\/en\/koebenhavns-universitet\/#breadcrumb"},"inLanguage":"en-US","potentialAction":[{"@type":"ReadAction","target":["https:\/\/actory.dk\/en\/koebenhavns-universitet\/"]}]},{"@type":"BreadcrumbList","@id":"https:\/\/actory.dk\/en\/koebenhavns-universitet\/#breadcrumb","itemListElement":[{"@type":"ListItem","position":1,"name":"Hjem","item":"https:\/\/actory.dk\/en\/"},{"@type":"ListItem","position":2,"name":"K\u00f8benhavns Universitet"}]},{"@type":"WebSite","@id":"https:\/\/actory.dk\/en\/#website","url":"https:\/\/actory.dk\/en\/","name":"Actory","description":"Sustainability challenge","potentialAction":[{"@type":"SearchAction","target":{"@type":"EntryPoint","urlTemplate":"https:\/\/actory.dk\/en\/?s={search_term_string}"},"query-input":{"@type":"PropertyValueSpecification","valueRequired":true,"valueName":"search_term_string"}}],"inLanguage":"en-US"}]}},"_links":{"self":[{"href":"https:\/\/actory.dk\/en\/wp-json\/wp\/v2\/pages\/3946","targetHints":{"allow":["GET"]}}],"collection":[{"href":"https:\/\/actory.dk\/en\/wp-json\/wp\/v2\/pages"}],"about":[{"href":"https:\/\/actory.dk\/en\/wp-json\/wp\/v2\/types\/page"}],"author":[{"embeddable":true,"href":"https:\/\/actory.dk\/en\/wp-json\/wp\/v2\/users\/5"}],"replies":[{"embeddable":true,"href":"https:\/\/actory.dk\/en\/wp-json\/wp\/v2\/comments?post=3946"}],"version-history":[{"count":2,"href":"https:\/\/actory.dk\/en\/wp-json\/wp\/v2\/pages\/3946\/revisions"}],"predecessor-version":[{"id":3948,"href":"https:\/\/actory.dk\/en\/wp-json\/wp\/v2\/pages\/3946\/revisions\/3948"}],"wp:attachment":[{"href":"https:\/\/actory.dk\/en\/wp-json\/wp\/v2\/media?parent=3946"}],"curies":[{"name":"wp","href":"https:\/\/api.w.org\/{rel}","templated":true}]}}